{"id":23,"date":"2022-10-07T10:56:58","date_gmt":"2022-10-07T08:56:58","guid":{"rendered":"https:\/\/frsc.pl\/sklep\/?post_type=product&#038;p=23"},"modified":"2024-02-15T09:57:21","modified_gmt":"2024-02-15T08:57:21","slug":"koszulka-t-shirt-petarda-czarna","status":"publish","type":"product","link":"https:\/\/frsc.pl\/sklep\/p\/produkt\/koszulka-t-shirt-petarda-czarna\/","title":{"rendered":"T-shirt Petarda"},"content":{"rendered":"\n<p><strong>Tabela rozmiar\u00f3w<\/strong><\/p>\n\n\n\n<figure class=\"wp-block-table\"><table><tbody><tr><td><\/td><td>XS<\/td><td>S<\/td><td>M<\/td><td>L<\/td><td>XL<\/td><td>XXL<\/td><\/tr><tr><td>Klatka piersiowa<\/td><td>45<\/td><td>48<\/td><td>51<\/td><td>54<\/td><td>57<\/td><td>60<\/td><\/tr><tr><td>D\u0142ugo\u015b\u0107<\/td><td>68<\/td><td>70<\/td><td>72<\/td><td>74<\/td><td>76<\/td><td>78<\/td><\/tr><\/tbody><\/table><\/figure>\n\n\n<style>.wp-block-kadence-advancedgallery.kb-gallery-wrap-id-_8565b4-b7{overflow:hidden;}.kb-gallery-id-_8565b4-b7 .kadence-blocks-gallery-item .kb-gal-image-radius, .kb-gallery-id-_8565b4-b7 .kb-slide-item .kb-gal-image-radius img{border-radius:0px 0px 0px 0px;;}.kb-gallery-wrap-id-_8565b4-b7.wp-block-kadence-advancedgallery{overflow:visible;}.kb-gallery-wrap-id-_8565b4-b7.wp-block-kadence-advancedgallery .kt-blocks-carousel{overflow:visible;}<\/style><div class=\"kb-gallery-wrap-id-_8565b4-b7 alignnone wp-block-kadence-advancedgallery\"><div class=\"kb-gallery-ul kb-gallery-non-static kb-gallery-type-carousel kb-gallery-id-_8565b4-b7 kb-gallery-caption-style-bottom-hover kb-gallery-filter-none\" data-image-filter=\"none\" data-lightbox-caption=\"true\"><div class=\"kt-blocks-carousel splide kt-carousel-container-dotstyle-dark kt-carousel-arrowstyle-whiteondark kt-carousel-dotstyle-dark kb-slider-group-arrow kb-slider-arrow-position-center\" data-columns-xxl=\"3\" data-columns-xl=\"3\" data-columns-md=\"3\" data-columns-sm=\"2\" data-columns-xs=\"1\" data-columns-ss=\"1\" data-slider-anim-speed=\"400\" data-slider-scroll=\"1\" data-slider-arrows=\"true\" data-slider-dots=\"true\" data-slider-hover-pause=\"false\" data-slider-auto=\"\" data-slider-speed=\"7000\" data-slider-gap=\"10px\" data-slider-gap-tablet=\"10px\" data-slider-gap-mobile=\"10px\" data-show-pause-button=\"false\" data-slider-label=\"Karuzela galerii zdj\u0119\u0107\"><div class=\"splide__track\"><ul class=\"kt-blocks-carousel-init kb-gallery-carousel splide__list\"><li class=\"kb-slide-item kb-gallery-carousel-item splide__slide\"><div class=\"kadence-blocks-gallery-item\"><div class=\"kadence-blocks-gallery-item-inner\"><figure class=\"kb-gallery-figure kadence-blocks-gallery-item-hide-caption\"><div class=\"kb-gal-image-radius\"><div class=\"kb-gallery-image-contain kadence-blocks-gallery-intrinsic kb-gallery-image-ratio-port34 kb-has-image-ratio-port34\" ><img loading=\"lazy\" decoding=\"async\" src=\"https:\/\/frsc.pl\/wp-content\/uploads\/2022\/08\/t-shirt-koszulka-petarda-5-1-853x1024.png\" width=\"853\" height=\"1024\" alt=\"\" data-full-image=\"https:\/\/frsc.pl\/wp-content\/uploads\/2022\/08\/t-shirt-koszulka-petarda-5-1.png\" data-light-image=\"https:\/\/frsc.pl\/wp-content\/uploads\/2022\/08\/t-shirt-koszulka-petarda-5-1.png\" data-id=\"2682\" class=\"wp-image-2682 skip-lazy\"\/><\/div><\/div><\/figure><\/div><\/div><\/li><li class=\"kb-slide-item kb-gallery-carousel-item splide__slide\"><div class=\"kadence-blocks-gallery-item\"><div class=\"kadence-blocks-gallery-item-inner\"><figure class=\"kb-gallery-figure kadence-blocks-gallery-item-hide-caption\"><div class=\"kb-gal-image-radius\"><div class=\"kb-gallery-image-contain kadence-blocks-gallery-intrinsic kb-gallery-image-ratio-port34 kb-has-image-ratio-port34\" ><img loading=\"lazy\" decoding=\"async\" src=\"https:\/\/frsc.pl\/wp-content\/uploads\/2022\/08\/t-shirt-koszulka-petarda-5-2-853x1024.png\" width=\"853\" height=\"1024\" alt=\"\" data-full-image=\"https:\/\/frsc.pl\/wp-content\/uploads\/2022\/08\/t-shirt-koszulka-petarda-5-2.png\" data-light-image=\"https:\/\/frsc.pl\/wp-content\/uploads\/2022\/08\/t-shirt-koszulka-petarda-5-2.png\" data-id=\"2683\" class=\"wp-image-2683 skip-lazy\"\/><\/div><\/div><\/figure><\/div><\/div><\/li><li class=\"kb-slide-item kb-gallery-carousel-item splide__slide\"><div class=\"kadence-blocks-gallery-item\"><div class=\"kadence-blocks-gallery-item-inner\"><figure class=\"kb-gallery-figure kadence-blocks-gallery-item-hide-caption\"><div class=\"kb-gal-image-radius\"><div class=\"kb-gallery-image-contain kadence-blocks-gallery-intrinsic kb-gallery-image-ratio-port34 kb-has-image-ratio-port34\" ><img loading=\"lazy\" decoding=\"async\" src=\"https:\/\/frsc.pl\/wp-content\/uploads\/2022\/08\/t-shirt-koszulka-petarda-5-4-768x1024.png\" width=\"768\" height=\"1024\" alt=\"\" data-full-image=\"https:\/\/frsc.pl\/wp-content\/uploads\/2022\/08\/t-shirt-koszulka-petarda-5-4.png\" data-light-image=\"https:\/\/frsc.pl\/wp-content\/uploads\/2022\/08\/t-shirt-koszulka-petarda-5-4.png\" data-id=\"2701\" class=\"wp-image-2701 skip-lazy\"\/><\/div><\/div><\/figure><\/div><\/div><\/li><li class=\"kb-slide-item kb-gallery-carousel-item splide__slide\"><div class=\"kadence-blocks-gallery-item\"><div class=\"kadence-blocks-gallery-item-inner\"><figure class=\"kb-gallery-figure kadence-blocks-gallery-item-hide-caption\"><div class=\"kb-gal-image-radius\"><div class=\"kb-gallery-image-contain kadence-blocks-gallery-intrinsic kb-gallery-image-ratio-port34 kb-has-image-ratio-port34\" ><img loading=\"lazy\" decoding=\"async\" src=\"https:\/\/frsc.pl\/wp-content\/uploads\/2022\/08\/t-shirt-koszulka-petarda-5-3-768x1024.png\" width=\"768\" height=\"1024\" alt=\"\" data-full-image=\"https:\/\/frsc.pl\/wp-content\/uploads\/2022\/08\/t-shirt-koszulka-petarda-5-3.png\" data-light-image=\"https:\/\/frsc.pl\/wp-content\/uploads\/2022\/08\/t-shirt-koszulka-petarda-5-3.png\" data-id=\"2700\" class=\"wp-image-2700 skip-lazy\"\/><\/div><\/div><\/figure><\/div><\/div><\/li><\/ul><\/div><\/div><\/div><\/div>\n\n\n<p class=\"has-small-font-size\"><strong>Produkt tworzony na zam\u00f3wienie, brak mo\u017cliwo\u015bci zwrotu. <\/strong><\/p>\n\n\n\n<p class=\"has-small-font-size\">Prawo do odst\u0105pienia od umowy zawartej na odleg\u0142o\u015b\u0107 nie przys\u0142uguje Konsumentowi lub Przedsi\u0119biorcy o uprawnieniach konsumenta w odniesieniu do Umowy:<br>&#8211; w kt\u00f3rej przedmiotem \u015bwiadczenia jest rzecz nieprefabrykowana, wyprodukowana wed\u0142ug specyfikacji Konsumenta lub s\u0142u\u017c\u0105ca zaspokojeniu jego zindywidualizowanych potrzeb,<br>&#8211; o \u015bwiadczenie us\u0142ug, je\u017celi Sprzedawca wykona\u0142 w pe\u0142ni us\u0142ug\u0119 za wyra\u017an\u0105 zgod\u0105 Konsumenta, kt\u00f3ry zosta\u0142 poinformowany przez rozpocz\u0119ciem \u015bwiadczenia, \u017ce po spe\u0142nieniu \u015bwiadczenia przez Sprzedawc\u0119 utraci prawo odst\u0105pienia od Umowy.<\/p>\n","protected":false},"excerpt":{"rendered":"<p>Koszulka z kr\u00f3tkim r\u0119kawem z nadrukiem na plecach. Nadruk zawiera fragment kr\u0119gos\u0142upa z dat\u0105 pierwszej edycji Petardy.<\/p>\n","protected":false},"featured_media":25,"comment_status":"closed","ping_status":"closed","template":"","meta":{"_uag_custom_page_level_css":"","site-sidebar-layout":"default","site-content-layout":"default","ast-site-content-layout":"default","site-content-style":"default","site-sidebar-style":"default","ast-global-header-display":"","ast-banner-title-visibility":"","ast-main-header-display":"","ast-hfb-above-header-display":"","ast-hfb-below-header-display":"","ast-hfb-mobile-header-display":"","site-post-title":"","ast-breadcrumbs-content":"","ast-featured-img":"","footer-sml-layout":"","ast-disable-related-posts":"","theme-transparent-header-meta":"default","adv-header-id-meta":"","stick-header-meta":"","header-above-stick-meta":"","header-main-stick-meta":"","header-below-stick-meta":"","astra-migrate-meta-layouts":"set","ast-page-background-enabled":"default","ast-page-background-meta":{"desktop":{"background-color":"var(--ast-global-color-4)","background-image":"","background-repeat":"repeat","background-position":"center center","background-size":"auto","background-attachment":"scroll","background-type":"","background-media":"","overlay-type":"","overlay-color":"","overlay-opacity":"","overlay-gradient":""},"tablet":{"background-color":"","background-image":"","background-repeat":"repeat","background-position":"center center","background-size":"auto","background-attachment":"scroll","background-type":"","background-media":"","overlay-type":"","overlay-color":"","overlay-opacity":"","overlay-gradient":""},"mobile":{"background-color":"","background-image":"","background-repeat":"repeat","background-position":"center center","background-size":"auto","background-attachment":"scroll","background-type":"","background-media":"","overlay-type":"","overlay-color":"","overlay-opacity":"","overlay-gradient":""}},"ast-content-background-meta":{"desktop":{"background-color":"var(--ast-global-color-5)","background-image":"","background-repeat":"repeat","background-position":"center center","background-size":"auto","background-attachment":"scroll","background-type":"","background-media":"","overlay-type":"","overlay-color":"","overlay-opacity":"","overlay-gradient":""},"tablet":{"background-color":"var(--ast-global-color-5)","background-image":"","background-repeat":"repeat","background-position":"center center","background-size":"auto","background-attachment":"scroll","background-type":"","background-media":"","overlay-type":"","overlay-color":"","overlay-opacity":"","overlay-gradient":""},"mobile":{"background-color":"var(--ast-global-color-5)","background-image":"","background-repeat":"repeat","background-position":"center center","background-size":"auto","background-attachment":"scroll","background-type":"","background-media":"","overlay-type":"","overlay-color":"","overlay-opacity":"","overlay-gradient":""}}},"product_brand":[],"product_cat":[15],"product_tag":[],"class_list":{"0":"post-23","1":"product","2":"type-product","3":"status-publish","4":"has-post-thumbnail","6":"product_cat-produkt","7":"desktop-align-left","8":"tablet-align-left","9":"mobile-align-left","11":"first","12":"onbackorder","13":"taxable","14":"shipping-taxable","15":"purchasable","16":"product-type-variable"},"uagb_featured_image_src":{"full":["https:\/\/frsc.pl\/sklep\/wp-content\/uploads\/2022\/10\/t-shirt-koszulka-petarda-5.png",2751,1827,false],"thumbnail":["https:\/\/frsc.pl\/sklep\/wp-content\/uploads\/2022\/10\/t-shirt-koszulka-petarda-5-150x150.png",150,150,true],"medium":["https:\/\/frsc.pl\/sklep\/wp-content\/uploads\/2022\/10\/t-shirt-koszulka-petarda-5-300x199.png",300,199,true],"medium_large":["https:\/\/frsc.pl\/sklep\/wp-content\/uploads\/2022\/10\/t-shirt-koszulka-petarda-5-768x510.png",768,510,true],"large":["https:\/\/frsc.pl\/sklep\/wp-content\/uploads\/2022\/10\/t-shirt-koszulka-petarda-5-1024x680.png",1024,680,true],"1536x1536":["https:\/\/frsc.pl\/sklep\/wp-content\/uploads\/2022\/10\/t-shirt-koszulka-petarda-5-1536x1020.png",1536,1020,true],"2048x2048":["https:\/\/frsc.pl\/sklep\/wp-content\/uploads\/2022\/10\/t-shirt-koszulka-petarda-5-2048x1360.png",2048,1360,true],"woocommerce_thumbnail":["https:\/\/frsc.pl\/sklep\/wp-content\/uploads\/2022\/10\/t-shirt-koszulka-petarda-5-300x300.png",300,300,true],"woocommerce_single":["https:\/\/frsc.pl\/sklep\/wp-content\/uploads\/2022\/10\/t-shirt-koszulka-petarda-5-600x398.png",600,398,true],"woocommerce_gallery_thumbnail":["https:\/\/frsc.pl\/sklep\/wp-content\/uploads\/2022\/10\/t-shirt-koszulka-petarda-5-100x100.png",100,100,true]},"uagb_author_info":{"display_name":"pepiz","author_link":"https:\/\/frsc.pl\/sklep\/blog\/author\/"},"uagb_comment_info":0,"uagb_excerpt":"Koszulka z kr\u00f3tkim r\u0119kawem z nadrukiem na plecach. Nadruk zawiera fragment kr\u0119gos\u0142upa z dat\u0105 pierwszej edycji Petardy.","_links":{"self":[{"href":"https:\/\/frsc.pl\/sklep\/wp-json\/wp\/v2\/product\/23","targetHints":{"allow":["GET"]}}],"collection":[{"href":"https:\/\/frsc.pl\/sklep\/wp-json\/wp\/v2\/product"}],"about":[{"href":"https:\/\/frsc.pl\/sklep\/wp-json\/wp\/v2\/types\/product"}],"replies":[{"embeddable":true,"href":"https:\/\/frsc.pl\/sklep\/wp-json\/wp\/v2\/comments?post=23"}],"wp:featuredmedia":[{"embeddable":true,"href":"https:\/\/frsc.pl\/sklep\/wp-json\/wp\/v2\/media\/25"}],"wp:attachment":[{"href":"https:\/\/frsc.pl\/sklep\/wp-json\/wp\/v2\/media?parent=23"}],"wp:term":[{"taxonomy":"product_brand","embeddable":true,"href":"https:\/\/frsc.pl\/sklep\/wp-json\/wp\/v2\/product_brand?post=23"},{"taxonomy":"product_cat","embeddable":true,"href":"https:\/\/frsc.pl\/sklep\/wp-json\/wp\/v2\/product_cat?post=23"},{"taxonomy":"product_tag","embeddable":true,"href":"https:\/\/frsc.pl\/sklep\/wp-json\/wp\/v2\/product_tag?post=23"}],"curies":[{"name":"wp","href":"https:\/\/api.w.org\/{rel}","templated":true}]}}