{"id":36,"date":"2022-10-09T19:57:06","date_gmt":"2022-10-09T17:57:06","guid":{"rendered":"https:\/\/frsc.pl\/sklep\/?post_type=product&#038;p=36"},"modified":"2023-08-01T08:14:51","modified_gmt":"2023-08-01T06:14:51","slug":"torba-bawelniana-petarda-5","status":"publish","type":"product","link":"https:\/\/frsc.pl\/sklep\/p\/produkt\/torba-bawelniana-petarda-5\/","title":{"rendered":"Torba bawe\u0142niana PETARDA 5"},"content":{"rendered":"\n<p class=\"has-small-font-size\"><strong>Produkt tworzony na zam\u00f3wienie, brak mo\u017cliwo\u015bci zwrotu. <\/strong><\/p>\n\n\n\n<p class=\"has-small-font-size\">Prawo do odst\u0105pienia od umowy zawartej na odleg\u0142o\u015b\u0107 nie przys\u0142uguje Konsumentowi lub Przedsi\u0119biorcy o uprawnieniach konsumenta w odniesieniu do Umowy:<br>&#8211; w kt\u00f3rej przedmiotem \u015bwiadczenia jest rzecz nieprefabrykowana, wyprodukowana wed\u0142ug specyfikacji Konsumenta lub s\u0142u\u017c\u0105ca zaspokojeniu jego zindywidualizowanych potrzeb,<br>&#8211; o \u015bwiadczenie us\u0142ug, je\u017celi Sprzedawca wykona\u0142 w pe\u0142ni us\u0142ug\u0119 za wyra\u017an\u0105 zgod\u0105 Konsumenta, kt\u00f3ry zosta\u0142 poinformowany przez rozpocz\u0119ciem \u015bwiadczenia, \u017ce po spe\u0142nieniu \u015bwiadczenia przez Sprzedawc\u0119 utraci prawo odst\u0105pienia od Umowy.<\/p>\n","protected":false},"excerpt":{"rendered":"<p>Torba 100% bawe\u0142niana w kolorze naturalnym i gramaturze 220g.<br \/>\nWymiary 38 cm x 42 cm.<br \/>\nTorba wyposa\u017cona w dno i szerokie boki, dzi\u0119ki temu jest bardzo pojemna.<\/p>\n","protected":false},"featured_media":95,"comment_status":"closed","ping_status":"closed","template":"","meta":{"_uag_custom_page_level_css":"","site-sidebar-layout":"default","site-content-layout":"","ast-site-content-layout":"default","site-content-style":"default","site-sidebar-style":"default","ast-global-header-display":"","ast-banner-title-visibility":"","ast-main-header-display":"","ast-hfb-above-header-display":"","ast-hfb-below-header-display":"","ast-hfb-mobile-header-display":"","site-post-title":"","ast-breadcrumbs-content":"","ast-featured-img":"","footer-sml-layout":"","ast-disable-related-posts":"","theme-transparent-header-meta":"","adv-header-id-meta":"","stick-header-meta":"","header-above-stick-meta":"","header-main-stick-meta":"","header-below-stick-meta":"","astra-migrate-meta-layouts":"default","ast-page-background-enabled":"default","ast-page-background-meta":{"desktop":{"background-color":"var(--ast-global-color-4)","background-image":"","background-repeat":"repeat","background-position":"center center","background-size":"auto","background-attachment":"scroll","background-type":"","background-media":"","overlay-type":"","overlay-color":"","overlay-opacity":"","overlay-gradient":""},"tablet":{"background-color":"","background-image":"","background-repeat":"repeat","background-position":"center center","background-size":"auto","background-attachment":"scroll","background-type":"","background-media":"","overlay-type":"","overlay-color":"","overlay-opacity":"","overlay-gradient":""},"mobile":{"background-color":"","background-image":"","background-repeat":"repeat","background-position":"center center","background-size":"auto","background-attachment":"scroll","background-type":"","background-media":"","overlay-type":"","overlay-color":"","overlay-opacity":"","overlay-gradient":""}},"ast-content-background-meta":{"desktop":{"background-color":"var(--ast-global-color-5)","background-image":"","background-repeat":"repeat","background-position":"center center","background-size":"auto","background-attachment":"scroll","background-type":"","background-media":"","overlay-type":"","overlay-color":"","overlay-opacity":"","overlay-gradient":""},"tablet":{"background-color":"var(--ast-global-color-5)","background-image":"","background-repeat":"repeat","background-position":"center center","background-size":"auto","background-attachment":"scroll","background-type":"","background-media":"","overlay-type":"","overlay-color":"","overlay-opacity":"","overlay-gradient":""},"mobile":{"background-color":"var(--ast-global-color-5)","background-image":"","background-repeat":"repeat","background-position":"center center","background-size":"auto","background-attachment":"scroll","background-type":"","background-media":"","overlay-type":"","overlay-color":"","overlay-opacity":"","overlay-gradient":""}}},"product_brand":[],"product_cat":[15],"product_tag":[],"class_list":{"0":"post-36","1":"product","2":"type-product","3":"status-publish","4":"has-post-thumbnail","6":"product_cat-produkt","7":"desktop-align-left","8":"tablet-align-left","9":"mobile-align-left","11":"first","12":"outofstock","13":"taxable","14":"shipping-taxable","15":"purchasable","16":"product-type-simple"},"uagb_featured_image_src":{"full":["https:\/\/frsc.pl\/sklep\/wp-content\/uploads\/2022\/10\/torba_petarda_5_sklep.png",1024,681,false],"thumbnail":["https:\/\/frsc.pl\/sklep\/wp-content\/uploads\/2022\/10\/torba_petarda_5_sklep-150x150.png",150,150,true],"medium":["https:\/\/frsc.pl\/sklep\/wp-content\/uploads\/2022\/10\/torba_petarda_5_sklep-300x200.png",300,200,true],"medium_large":["https:\/\/frsc.pl\/sklep\/wp-content\/uploads\/2022\/10\/torba_petarda_5_sklep-768x511.png",768,511,true],"large":["https:\/\/frsc.pl\/sklep\/wp-content\/uploads\/2022\/10\/torba_petarda_5_sklep.png",1024,681,false],"1536x1536":["https:\/\/frsc.pl\/sklep\/wp-content\/uploads\/2022\/10\/torba_petarda_5_sklep.png",1024,681,false],"2048x2048":["https:\/\/frsc.pl\/sklep\/wp-content\/uploads\/2022\/10\/torba_petarda_5_sklep.png",1024,681,false],"woocommerce_thumbnail":["https:\/\/frsc.pl\/sklep\/wp-content\/uploads\/2022\/10\/torba_petarda_5_sklep-300x300.png",300,300,true],"woocommerce_single":["https:\/\/frsc.pl\/sklep\/wp-content\/uploads\/2022\/10\/torba_petarda_5_sklep-600x399.png",600,399,true],"woocommerce_gallery_thumbnail":["https:\/\/frsc.pl\/sklep\/wp-content\/uploads\/2022\/10\/torba_petarda_5_sklep-100x100.png",100,100,true]},"uagb_author_info":{"display_name":"pepiz","author_link":"https:\/\/frsc.pl\/sklep\/blog\/author\/"},"uagb_comment_info":0,"uagb_excerpt":"Torba 100% bawe\u0142niana w kolorze naturalnym i gramaturze 220g. Wymiary 38 cm x 42 cm. Torba wyposa\u017cona w dno i szerokie boki, dzi\u0119ki temu jest bardzo pojemna.","_links":{"self":[{"href":"https:\/\/frsc.pl\/sklep\/wp-json\/wp\/v2\/product\/36","targetHints":{"allow":["GET"]}}],"collection":[{"href":"https:\/\/frsc.pl\/sklep\/wp-json\/wp\/v2\/product"}],"about":[{"href":"https:\/\/frsc.pl\/sklep\/wp-json\/wp\/v2\/types\/product"}],"replies":[{"embeddable":true,"href":"https:\/\/frsc.pl\/sklep\/wp-json\/wp\/v2\/comments?post=36"}],"wp:featuredmedia":[{"embeddable":true,"href":"https:\/\/frsc.pl\/sklep\/wp-json\/wp\/v2\/media\/95"}],"wp:attachment":[{"href":"https:\/\/frsc.pl\/sklep\/wp-json\/wp\/v2\/media?parent=36"}],"wp:term":[{"taxonomy":"product_brand","embeddable":true,"href":"https:\/\/frsc.pl\/sklep\/wp-json\/wp\/v2\/product_brand?post=36"},{"taxonomy":"product_cat","embeddable":true,"href":"https:\/\/frsc.pl\/sklep\/wp-json\/wp\/v2\/product_cat?post=36"},{"taxonomy":"product_tag","embeddable":true,"href":"https:\/\/frsc.pl\/sklep\/wp-json\/wp\/v2\/product_tag?post=36"}],"curies":[{"name":"wp","href":"https:\/\/api.w.org\/{rel}","templated":true}]}}