{"id":899,"date":"2025-05-21T11:53:00","date_gmt":"2025-05-21T09:53:00","guid":{"rendered":"https:\/\/frsc.pl\/sklep\/?post_type=product&#038;p=899"},"modified":"2025-09-23T10:42:59","modified_gmt":"2025-09-23T08:42:59","slug":"sk-skrypt-z-pinoterapii-e-book","status":"publish","type":"product","link":"https:\/\/frsc.pl\/sklep\/p\/produkt\/sk-skrypt-z-pinoterapii-e-book\/","title":{"rendered":"Skrypt z PINOTERAPII .PDF"},"content":{"rendered":"\n<ul class=\"wp-block-list\">\n<li>rozszerzenie cz\u0119\u015bci teoretycznej skryptu m. in. o informacje dot. diagnostyki w\u0142a\u015bciwej dla omawianych w trakcie kursu patologii narz\u0105du ruchu,<\/li>\n\n\n\n<li>od\u015bwie\u017cenie cz\u0119\u015bci grafik w celu u\u0142atwienia nauki oraz jak najbardziej precyzyjnego wskazania struktur poddawanych terapii,<\/li>\n\n\n\n<li>nowe zaktualizowane &#8222;algorytmy&#8221; post\u0119powania stworzone przez Radka Sk\u0142adowskiego,<\/li>\n\n\n\n<li>nowe grafy, grafiki i tabele u\u0142atwiaj\u0105ce przyswajanie wiedzy nie tylko w trakcie kursu, ale r\u00f3wnie\u017c PO. Skrypt zosta\u0142 rozbudowany od ok. 50 stron do niespe\u0142na 120, a wi\u0119c niemal\u017ce podwoi\u0142 swoj\u0105 obj\u0119to\u015b\u0107,<\/li>\n\n\n\n<li>od\u015bwie\u017cony i rozbudowany opis strategii pracy w obr\u0119bie \u0141a\u0144cuch\u00f3w Synkinetycznych,<\/li>\n\n\n\n<li>rozbudowane teoretyczne om\u00f3wienie podstawowych zagadnie\u0144 zwi\u0105zanych z Uk\u0142adami Regulacyjnymi,<\/li>\n\n\n\n<li>bibliografia, o kt\u00f3r\u0105 oparte s\u0105 tre\u015bci szkolenia,<\/li>\n<\/ul>\n\n\n\n<p class=\"has-small-font-size\">Zgodnie z art. 38 pkt 13 ustawy z dnia 30 maja 2014 r. o prawach konsumenta, prawo odst\u0105pienia od umowy zawartej na odleg\u0142o\u015b\u0107 nie przys\u0142uguje konsumentowi w odniesieniu do um\u00f3w o dostarczanie tre\u015bci cyfrowych, kt\u00f3re nie s\u0105 zapisane na no\u015bniku materialnym, je\u017celi spe\u0142nianie \u015bwiadczenia rozpocz\u0119\u0142o si\u0119 za wyra\u017an\u0105 zgod\u0105 konsumenta przed up\u0142ywem terminu do odst\u0105pienia od umowy i po poinformowaniu go przez przedsi\u0119biorc\u0119 o utracie prawa odst\u0105pienia od umowy.<\/p>\n","protected":false},"excerpt":{"rendered":"<p><strong>Stale pracujemy nad rozwojem naszych szkole\u0144. Poprawa jako\u015bci materia\u0142\u00f3w pozwala na bardziej efektywne zarz\u0105dzanie czasem kursant\u00f3w i skupienie si\u0119 na najwa\u017cniejszych aspektach. To z kolei przek\u0142ada si\u0119 na jako\u015b\u0107 opieki nad pacjentem. Skrypt od 2023 roku przeszed\u0142 gruntown\u0105 przebudow\u0119 jako\u015bci i obj\u0119to\u015bci tre\u015bci.<\/strong><\/p>\n<p>Ten skrypt zosta\u0142 stworzony z my\u015bl\u0105 o uczestnikach szkolenia z pinoterapii i jest dost\u0119pny wy\u0142\u0105cznie dla os\u00f3b, kt\u00f3re uko\u0144czy\u0142y kurs. Stanowi on pomocne \u017ar\u00f3d\u0142o informacji dla tych, kt\u00f3rzy chc\u0105 utrwali\u0107 i pog\u0142\u0119bi\u0107 zdobyt\u0105 wiedz\u0119.<\/p>\n<p>Skrypt dost\u0119pny jest w formie elektronicznej, co pozwala na \u0142atwe pobranie i korzystanie na r\u00f3\u017cnych urz\u0105dzeniach. Wersja ta nie jest przeznaczona do druku.<\/p>\n<p>Dla os\u00f3b zainteresowanych wersj\u0105 drukowan\u0105, przygotowali\u015bmy osobny produkt \u2013 zapraszamy do zapoznania si\u0119 z nasz\u0105 ofert\u0105.<\/p>\n<p>Skrypt dost\u0119pny wy\u0142\u0105cznie dla absolwent\u00f3w szkolenia <a href=\"https:\/\/frsc.pl\/p\/szkolenie\/pinoterapia\/\">PINOTERAPIA<\/a>.<\/p>\n","protected":false},"featured_media":884,"comment_status":"closed","ping_status":"closed","template":"","meta":{"_uag_custom_page_level_css":"","site-sidebar-layout":"default","site-content-layout":"","ast-site-content-layout":"default","site-content-style":"default","site-sidebar-style":"default","ast-global-header-display":"","ast-banner-title-visibility":"","ast-main-header-display":"","ast-hfb-above-header-display":"","ast-hfb-below-header-display":"","ast-hfb-mobile-header-display":"","site-post-title":"","ast-breadcrumbs-content":"","ast-featured-img":"","footer-sml-layout":"","ast-disable-related-posts":"","theme-transparent-header-meta":"","adv-header-id-meta":"","stick-header-meta":"","header-above-stick-meta":"","header-main-stick-meta":"","header-below-stick-meta":"","astra-migrate-meta-layouts":"set","ast-page-background-enabled":"default","ast-page-background-meta":{"desktop":{"background-color":"var(--ast-global-color-4)","background-image":"","background-repeat":"repeat","background-position":"center center","background-size":"auto","background-attachment":"scroll","background-type":"","background-media":"","overlay-type":"","overlay-color":"","overlay-opacity":"","overlay-gradient":""},"tablet":{"background-color":"","background-image":"","background-repeat":"repeat","background-position":"center center","background-size":"auto","background-attachment":"scroll","background-type":"","background-media":"","overlay-type":"","overlay-color":"","overlay-opacity":"","overlay-gradient":""},"mobile":{"background-color":"","background-image":"","background-repeat":"repeat","background-position":"center center","background-size":"auto","background-attachment":"scroll","background-type":"","background-media":"","overlay-type":"","overlay-color":"","overlay-opacity":"","overlay-gradient":""}},"ast-content-background-meta":{"desktop":{"background-color":"var(--ast-global-color-5)","background-image":"","background-repeat":"repeat","background-position":"center center","background-size":"auto","background-attachment":"scroll","background-type":"","background-media":"","overlay-type":"","overlay-color":"","overlay-opacity":"","overlay-gradient":""},"tablet":{"background-color":"var(--ast-global-color-5)","background-image":"","background-repeat":"repeat","background-position":"center center","background-size":"auto","background-attachment":"scroll","background-type":"","background-media":"","overlay-type":"","overlay-color":"","overlay-opacity":"","overlay-gradient":""},"mobile":{"background-color":"var(--ast-global-color-5)","background-image":"","background-repeat":"repeat","background-position":"center center","background-size":"auto","background-attachment":"scroll","background-type":"","background-media":"","overlay-type":"","overlay-color":"","overlay-opacity":"","overlay-gradient":""}}},"product_brand":[],"product_cat":[15],"product_tag":[],"class_list":{"0":"post-899","1":"product","2":"type-product","3":"status-publish","4":"has-post-thumbnail","6":"product_cat-produkt","7":"desktop-align-left","8":"tablet-align-left","9":"mobile-align-left","11":"first","12":"instock","13":"sold-individually","14":"taxable","15":"shipping-taxable","16":"product-type-external"},"uagb_featured_image_src":{"full":["https:\/\/frsc.pl\/sklep\/wp-content\/uploads\/2025\/05\/Screenshot_179.png",1126,1598,false],"thumbnail":["https:\/\/frsc.pl\/sklep\/wp-content\/uploads\/2025\/05\/Screenshot_179-150x150.png",150,150,true],"medium":["https:\/\/frsc.pl\/sklep\/wp-content\/uploads\/2025\/05\/Screenshot_179-211x300.png",211,300,true],"medium_large":["https:\/\/frsc.pl\/sklep\/wp-content\/uploads\/2025\/05\/Screenshot_179-768x1090.png",768,1090,true],"large":["https:\/\/frsc.pl\/sklep\/wp-content\/uploads\/2025\/05\/Screenshot_179-722x1024.png",722,1024,true],"1536x1536":["https:\/\/frsc.pl\/sklep\/wp-content\/uploads\/2025\/05\/Screenshot_179-1082x1536.png",1082,1536,true],"2048x2048":["https:\/\/frsc.pl\/sklep\/wp-content\/uploads\/2025\/05\/Screenshot_179.png",1126,1598,false],"woocommerce_thumbnail":["https:\/\/frsc.pl\/sklep\/wp-content\/uploads\/2025\/05\/Screenshot_179-300x300.png",300,300,true],"woocommerce_single":["https:\/\/frsc.pl\/sklep\/wp-content\/uploads\/2025\/05\/Screenshot_179-600x852.png",600,852,true],"woocommerce_gallery_thumbnail":["https:\/\/frsc.pl\/sklep\/wp-content\/uploads\/2025\/05\/Screenshot_179-100x100.png",100,100,true]},"uagb_author_info":{"display_name":"pepiz","author_link":"https:\/\/frsc.pl\/sklep\/blog\/author\/"},"uagb_comment_info":0,"uagb_excerpt":"Stale pracujemy nad rozwojem naszych szkole\u0144. Poprawa jako\u015bci materia\u0142\u00f3w pozwala na bardziej efektywne zarz\u0105dzanie czasem kursant\u00f3w i skupienie si\u0119 na najwa\u017cniejszych aspektach. To z kolei przek\u0142ada si\u0119 na jako\u015b\u0107 opieki nad pacjentem. Skrypt od 2023 roku przeszed\u0142 gruntown\u0105 przebudow\u0119 jako\u015bci i obj\u0119to\u015bci tre\u015bci. Ten skrypt zosta\u0142 stworzony z my\u015bl\u0105 o uczestnikach szkolenia z pinoterapii i&hellip;","_links":{"self":[{"href":"https:\/\/frsc.pl\/sklep\/wp-json\/wp\/v2\/product\/899","targetHints":{"allow":["GET"]}}],"collection":[{"href":"https:\/\/frsc.pl\/sklep\/wp-json\/wp\/v2\/product"}],"about":[{"href":"https:\/\/frsc.pl\/sklep\/wp-json\/wp\/v2\/types\/product"}],"replies":[{"embeddable":true,"href":"https:\/\/frsc.pl\/sklep\/wp-json\/wp\/v2\/comments?post=899"}],"wp:featuredmedia":[{"embeddable":true,"href":"https:\/\/frsc.pl\/sklep\/wp-json\/wp\/v2\/media\/884"}],"wp:attachment":[{"href":"https:\/\/frsc.pl\/sklep\/wp-json\/wp\/v2\/media?parent=899"}],"wp:term":[{"taxonomy":"product_brand","embeddable":true,"href":"https:\/\/frsc.pl\/sklep\/wp-json\/wp\/v2\/product_brand?post=899"},{"taxonomy":"product_cat","embeddable":true,"href":"https:\/\/frsc.pl\/sklep\/wp-json\/wp\/v2\/product_cat?post=899"},{"taxonomy":"product_tag","embeddable":true,"href":"https:\/\/frsc.pl\/sklep\/wp-json\/wp\/v2\/product_tag?post=899"}],"curies":[{"name":"wp","href":"https:\/\/api.w.org\/{rel}","templated":true}]}}