{"id":901,"date":"2025-05-21T11:56:55","date_gmt":"2025-05-21T09:56:55","guid":{"rendered":"https:\/\/frsc.pl\/sklep\/?post_type=product&#038;p=901"},"modified":"2025-07-29T13:05:02","modified_gmt":"2025-07-29T11:05:02","slug":"sk-atlas-zwarc-w-pinoterapii","status":"publish","type":"product","link":"https:\/\/frsc.pl\/sklep\/p\/produkt\/sk-atlas-zwarc-w-pinoterapii\/","title":{"rendered":"Atlas zwar\u0107 w PINOTERAPII"},"content":{"rendered":"","protected":false},"excerpt":{"rendered":"<p>Ten atlas zwar\u0107 zosta\u0142 stworzony z my\u015bl\u0105 o uczestnikach szkolenia z pinoterapii i jest dost\u0119pny wy\u0142\u0105cznie dla os\u00f3b, kt\u00f3re uko\u0144czy\u0142y kurs. Stanowi on pomocne \u017ar\u00f3d\u0142o informacji dla tych, kt\u00f3rzy chc\u0105 utrwali\u0107 i pog\u0142\u0119bi\u0107 zdobyt\u0105 wiedz\u0119.<\/p>\n<div class=\"woocommerce-product-details__short-description\">\n<p>Produkt dost\u0119pny wy\u0142\u0105cznie dla absolwent\u00f3w szkolenia\u00a0<a href=\"https:\/\/frsc.pl\/p\/szkolenie\/pinoterapia\/\">PINOTERAPIA<\/a>.<\/p>\n<\/div>\n","protected":false},"featured_media":886,"comment_status":"closed","ping_status":"closed","template":"","meta":{"_uag_custom_page_level_css":"","site-sidebar-layout":"default","site-content-layout":"","ast-site-content-layout":"default","site-content-style":"default","site-sidebar-style":"default","ast-global-header-display":"","ast-banner-title-visibility":"","ast-main-header-display":"","ast-hfb-above-header-display":"","ast-hfb-below-header-display":"","ast-hfb-mobile-header-display":"","site-post-title":"","ast-breadcrumbs-content":"","ast-featured-img":"","footer-sml-layout":"","ast-disable-related-posts":"","theme-transparent-header-meta":"","adv-header-id-meta":"","stick-header-meta":"","header-above-stick-meta":"","header-main-stick-meta":"","header-below-stick-meta":"","astra-migrate-meta-layouts":"set","ast-page-background-enabled":"default","ast-page-background-meta":{"desktop":{"background-color":"var(--ast-global-color-4)","background-image":"","background-repeat":"repeat","background-position":"center center","background-size":"auto","background-attachment":"scroll","background-type":"","background-media":"","overlay-type":"","overlay-color":"","overlay-opacity":"","overlay-gradient":""},"tablet":{"background-color":"","background-image":"","background-repeat":"repeat","background-position":"center center","background-size":"auto","background-attachment":"scroll","background-type":"","background-media":"","overlay-type":"","overlay-color":"","overlay-opacity":"","overlay-gradient":""},"mobile":{"background-color":"","background-image":"","background-repeat":"repeat","background-position":"center center","background-size":"auto","background-attachment":"scroll","background-type":"","background-media":"","overlay-type":"","overlay-color":"","overlay-opacity":"","overlay-gradient":""}},"ast-content-background-meta":{"desktop":{"background-color":"var(--ast-global-color-5)","background-image":"","background-repeat":"repeat","background-position":"center center","background-size":"auto","background-attachment":"scroll","background-type":"","background-media":"","overlay-type":"","overlay-color":"","overlay-opacity":"","overlay-gradient":""},"tablet":{"background-color":"var(--ast-global-color-5)","background-image":"","background-repeat":"repeat","background-position":"center center","background-size":"auto","background-attachment":"scroll","background-type":"","background-media":"","overlay-type":"","overlay-color":"","overlay-opacity":"","overlay-gradient":""},"mobile":{"background-color":"var(--ast-global-color-5)","background-image":"","background-repeat":"repeat","background-position":"center center","background-size":"auto","background-attachment":"scroll","background-type":"","background-media":"","overlay-type":"","overlay-color":"","overlay-opacity":"","overlay-gradient":""}}},"product_brand":[],"product_cat":[15],"product_tag":[],"class_list":{"0":"post-901","1":"product","2":"type-product","3":"status-publish","4":"has-post-thumbnail","6":"product_cat-produkt","7":"desktop-align-left","8":"tablet-align-left","9":"mobile-align-left","11":"first","12":"instock","13":"sold-individually","14":"taxable","15":"shipping-taxable","16":"product-type-external"},"uagb_featured_image_src":{"full":["https:\/\/frsc.pl\/sklep\/wp-content\/uploads\/2025\/05\/Screenshot_181.png",1458,2065,false],"thumbnail":["https:\/\/frsc.pl\/sklep\/wp-content\/uploads\/2025\/05\/Screenshot_181-150x150.png",150,150,true],"medium":["https:\/\/frsc.pl\/sklep\/wp-content\/uploads\/2025\/05\/Screenshot_181-212x300.png",212,300,true],"medium_large":["https:\/\/frsc.pl\/sklep\/wp-content\/uploads\/2025\/05\/Screenshot_181-768x1088.png",768,1088,true],"large":["https:\/\/frsc.pl\/sklep\/wp-content\/uploads\/2025\/05\/Screenshot_181-723x1024.png",723,1024,true],"1536x1536":["https:\/\/frsc.pl\/sklep\/wp-content\/uploads\/2025\/05\/Screenshot_181-1084x1536.png",1084,1536,true],"2048x2048":["https:\/\/frsc.pl\/sklep\/wp-content\/uploads\/2025\/05\/Screenshot_181-1446x2048.png",1446,2048,true],"woocommerce_thumbnail":["https:\/\/frsc.pl\/sklep\/wp-content\/uploads\/2025\/05\/Screenshot_181-300x300.png",300,300,true],"woocommerce_single":["https:\/\/frsc.pl\/sklep\/wp-content\/uploads\/2025\/05\/Screenshot_181-600x850.png",600,850,true],"woocommerce_gallery_thumbnail":["https:\/\/frsc.pl\/sklep\/wp-content\/uploads\/2025\/05\/Screenshot_181-100x100.png",100,100,true]},"uagb_author_info":{"display_name":"pepiz","author_link":"https:\/\/frsc.pl\/sklep\/blog\/author\/"},"uagb_comment_info":0,"uagb_excerpt":"Ten atlas zwar\u0107 zosta\u0142 stworzony z my\u015bl\u0105 o uczestnikach szkolenia z pinoterapii i jest dost\u0119pny wy\u0142\u0105cznie dla os\u00f3b, kt\u00f3re uko\u0144czy\u0142y kurs. Stanowi on pomocne \u017ar\u00f3d\u0142o informacji dla tych, kt\u00f3rzy chc\u0105 utrwali\u0107 i pog\u0142\u0119bi\u0107 zdobyt\u0105 wiedz\u0119. Produkt dost\u0119pny wy\u0142\u0105cznie dla absolwent\u00f3w szkolenia\u00a0PINOTERAPIA.","_links":{"self":[{"href":"https:\/\/frsc.pl\/sklep\/wp-json\/wp\/v2\/product\/901","targetHints":{"allow":["GET"]}}],"collection":[{"href":"https:\/\/frsc.pl\/sklep\/wp-json\/wp\/v2\/product"}],"about":[{"href":"https:\/\/frsc.pl\/sklep\/wp-json\/wp\/v2\/types\/product"}],"replies":[{"embeddable":true,"href":"https:\/\/frsc.pl\/sklep\/wp-json\/wp\/v2\/comments?post=901"}],"wp:featuredmedia":[{"embeddable":true,"href":"https:\/\/frsc.pl\/sklep\/wp-json\/wp\/v2\/media\/886"}],"wp:attachment":[{"href":"https:\/\/frsc.pl\/sklep\/wp-json\/wp\/v2\/media?parent=901"}],"wp:term":[{"taxonomy":"product_brand","embeddable":true,"href":"https:\/\/frsc.pl\/sklep\/wp-json\/wp\/v2\/product_brand?post=901"},{"taxonomy":"product_cat","embeddable":true,"href":"https:\/\/frsc.pl\/sklep\/wp-json\/wp\/v2\/product_cat?post=901"},{"taxonomy":"product_tag","embeddable":true,"href":"https:\/\/frsc.pl\/sklep\/wp-json\/wp\/v2\/product_tag?post=901"}],"curies":[{"name":"wp","href":"https:\/\/api.w.org\/{rel}","templated":true}]}}